{"id":118,"date":"2024-06-07T09:16:20","date_gmt":"2024-06-07T09:16:20","guid":{"rendered":"https:\/\/3di.ee\/tuletoole\/?page_id=118"},"modified":"2024-07-04T15:36:52","modified_gmt":"2024-07-04T12:36:52","slug":"joonestaja-tehnik","status":"publish","type":"page","link":"https:\/\/3di.ee\/tuletoole\/joonestaja-tehnik\/","title":{"rendered":"Joonestaja\/tehnik"},"content":{"rendered":"<h3><b>T\u00f6\u00f6 kirjeldus<\/b><\/h3>\n<p><span style=\"font-weight: 400;\">Joonestaja\/tehniku \u00fclesandeks on 2D jooniste ja plaanide koostamine. Igap\u00e4evased t\u00f6\u00f6\u00fclesanded h\u00f5lmavad m\u00f5\u00f5distamisandmete t\u00f6\u00f6tlemist vajalikule kujule ning dokumentide ja jooniste koostamist. <\/span><\/p>\n<h3><b>Ootused kandidaadile<\/b><\/h3>\n<ul>\n<li style=\"font-weight: 400;\" aria-level=\"1\"><span style=\"font-weight: 400;\">Programmide k\u00e4sitlus: AutoCAD , ZWCAD, Civil 3D<\/span><\/li>\n<li style=\"font-weight: 400;\" aria-level=\"1\"><span style=\"font-weight: 400;\">Eelnev t\u00f6\u00f6kogemus joonestajana\/tehnikuna<\/span><\/li>\n<li style=\"font-weight: 400;\" aria-level=\"1\"><span style=\"font-weight: 400;\">T\u00e4psus, korrektsus ning kokkulepetest kinni pidamine<\/span><\/li>\n<li style=\"font-weight: 400;\" aria-level=\"1\"><span style=\"font-weight: 400;\">Eesti keele oskus suhtlustasemel<\/span><\/li>\n<li style=\"font-weight: 400;\" aria-level=\"1\"><span style=\"font-weight: 400;\">Meeskonnat\u00f6\u00f6 valmidus<\/span><\/li>\n<\/ul>\n<h3><b>Ettev\u00f5te pakub<\/b><\/h3>\n<ul>\n<li style=\"font-weight: 400;\" aria-level=\"1\"><span style=\"font-weight: 400;\">Head, tulemustest s\u00f5ltuvat t\u00f6\u00f6tasu<\/span><\/li>\n<li>Koost\u00f6\u00f6d v\u00f5imalusi Eesti suurimate ja tunnustatud ettev\u00f5tetega<\/li>\n<li style=\"font-weight: 400;\" aria-level=\"1\"><span style=\"font-weight: 400;\">Arenemisv\u00f5imalusi l\u00e4bi ametialaste t\u00e4iendkoolituste nii ettev\u00f5tte siseselt kui v\u00e4liselt<\/span><\/li>\n<li style=\"font-weight: 400;\" aria-level=\"1\"><span style=\"font-weight: 400;\">S\u00f5bralikku ja nooruslikku ning hoolivat kollektiivi ning regulaarseid firma\u00fcritusi<\/span><\/li>\n<li style=\"font-weight: 400;\" aria-level=\"1\"><span style=\"font-weight: 400;\">Spordiklubide k\u00fclastuste h\u00fcvitamist\u00a0<\/span><\/li>\n<li style=\"font-weight: 400;\" aria-level=\"1\"><span style=\"font-weight: 400;\">Haigusp\u00e4evade h\u00fcvitamist alates esimesest haigusp\u00e4evast<\/span><\/li>\n<li style=\"font-weight: 400;\" aria-level=\"1\"><span style=\"font-weight: 400;\">Paindlikku puhkusegraafikut<\/span><\/li>\n<li style=\"font-weight: 400;\" aria-level=\"1\"><span style=\"font-weight: 400;\">Vaheldusrikkaid ja huvitavaid objekte<\/span><\/li>\n<\/ul>\n","protected":false},"excerpt":{"rendered":"<p>T\u00f6\u00f6 kirjeldus Joonestaja\/tehniku \u00fclesandeks on 2D jooniste ja plaanide koostamine. Igap\u00e4evased t\u00f6\u00f6\u00fclesanded h\u00f5lmavad m\u00f5\u00f5distamisandmete t\u00f6\u00f6tlemist vajalikule kujule ning dokumentide ja jooniste koostamist. Ootused kandidaadile Programmide k\u00e4sitlus: AutoCAD , ZWCAD, Civil 3D Eelnev t\u00f6\u00f6kogemus joonestajana\/tehnikuna T\u00e4psus, korrektsus ning kokkulepetest kinni pidamine Eesti keele oskus suhtlustasemel Meeskonnat\u00f6\u00f6 valmidus Ettev\u00f5te pakub Head, tulemustest s\u00f5ltuvat t\u00f6\u00f6tasu Koost\u00f6\u00f6d v\u00f5imalusi Eesti [&hellip;]<\/p>\n","protected":false},"author":3,"featured_media":0,"parent":0,"menu_order":0,"comment_status":"closed","ping_status":"closed","template":"","meta":{"_acf_changed":false,"_monsterinsights_skip_tracking":false,"_monsterinsights_sitenote_active":false,"_monsterinsights_sitenote_note":"","_monsterinsights_sitenote_category":0,"footnotes":""},"class_list":["post-118","page","type-page","status-publish","hentry"],"acf":[],"yoast_head":"<!-- This site is optimized with the Yoast SEO plugin v22.9 - https:\/\/yoast.com\/wordpress\/plugins\/seo\/ -->\n<title>Joonestaja\/tehnik - 3Di<\/title>\n<meta name=\"robots\" content=\"index, follow, max-snippet:-1, max-image-preview:large, max-video-preview:-1\" \/>\n<link rel=\"canonical\" href=\"https:\/\/3di.ee\/tuletoole\/joonestaja-tehnik\/\" \/>\n<meta property=\"og:locale\" content=\"et_EE\" \/>\n<meta property=\"og:type\" content=\"article\" \/>\n<meta property=\"og:title\" content=\"Joonestaja\/tehnik - 3Di\" \/>\n<meta property=\"og:description\" content=\"T\u00f6\u00f6 kirjeldus Joonestaja\/tehniku \u00fclesandeks on 2D jooniste ja plaanide koostamine. Igap\u00e4evased t\u00f6\u00f6\u00fclesanded h\u00f5lmavad m\u00f5\u00f5distamisandmete t\u00f6\u00f6tlemist vajalikule kujule ning dokumentide ja jooniste koostamist. Ootused kandidaadile Programmide k\u00e4sitlus: AutoCAD , ZWCAD, Civil 3D Eelnev t\u00f6\u00f6kogemus joonestajana\/tehnikuna T\u00e4psus, korrektsus ning kokkulepetest kinni pidamine Eesti keele oskus suhtlustasemel Meeskonnat\u00f6\u00f6 valmidus Ettev\u00f5te pakub Head, tulemustest s\u00f5ltuvat t\u00f6\u00f6tasu Koost\u00f6\u00f6d v\u00f5imalusi Eesti [&hellip;]\" \/>\n<meta property=\"og:url\" content=\"https:\/\/3di.ee\/tuletoole\/joonestaja-tehnik\/\" \/>\n<meta property=\"og:site_name\" content=\"3Di\" \/>\n<meta property=\"article:publisher\" content=\"https:\/\/www.facebook.com\/3Dinformation\" \/>\n<meta property=\"article:modified_time\" content=\"2024-07-04T12:36:52+00:00\" \/>\n<meta name=\"twitter:card\" content=\"summary_large_image\" \/>\n<meta name=\"twitter:label1\" content=\"Est. reading time\" \/>\n\t<meta name=\"twitter:data1\" content=\"2 minutit\" \/>\n<script type=\"application\/ld+json\" class=\"yoast-schema-graph\">{\"@context\":\"https:\/\/schema.org\",\"@graph\":[{\"@type\":\"WebPage\",\"@id\":\"https:\/\/3di.ee\/tuletoole\/joonestaja-tehnik\/\",\"url\":\"https:\/\/3di.ee\/tuletoole\/joonestaja-tehnik\/\",\"name\":\"Joonestaja\/tehnik - 3Di\",\"isPartOf\":{\"@id\":\"https:\/\/3di.ee\/tuletoole\/#website\"},\"datePublished\":\"2024-06-07T09:16:20+00:00\",\"dateModified\":\"2024-07-04T12:36:52+00:00\",\"breadcrumb\":{\"@id\":\"https:\/\/3di.ee\/tuletoole\/joonestaja-tehnik\/#breadcrumb\"},\"inLanguage\":\"et\",\"potentialAction\":[{\"@type\":\"ReadAction\",\"target\":[\"https:\/\/3di.ee\/tuletoole\/joonestaja-tehnik\/\"]}]},{\"@type\":\"BreadcrumbList\",\"@id\":\"https:\/\/3di.ee\/tuletoole\/joonestaja-tehnik\/#breadcrumb\",\"itemListElement\":[{\"@type\":\"ListItem\",\"position\":1,\"name\":\"Home\",\"item\":\"https:\/\/3di.ee\/tuletoole\/\"},{\"@type\":\"ListItem\",\"position\":2,\"name\":\"Joonestaja\/tehnik\"}]},{\"@type\":\"WebSite\",\"@id\":\"https:\/\/3di.ee\/tuletoole\/#website\",\"url\":\"https:\/\/3di.ee\/tuletoole\/\",\"name\":\"3Di\",\"description\":\"Tule T\u00f6\u00f6le!\",\"publisher\":{\"@id\":\"https:\/\/3di.ee\/tuletoole\/#organization\"},\"potentialAction\":[{\"@type\":\"SearchAction\",\"target\":{\"@type\":\"EntryPoint\",\"urlTemplate\":\"https:\/\/3di.ee\/tuletoole\/?s={search_term_string}\"},\"query-input\":\"required name=search_term_string\"}],\"inLanguage\":\"et\"},{\"@type\":\"Organization\",\"@id\":\"https:\/\/3di.ee\/tuletoole\/#organization\",\"name\":\"3Di\",\"url\":\"https:\/\/3di.ee\/tuletoole\/\",\"logo\":{\"@type\":\"ImageObject\",\"inLanguage\":\"et\",\"@id\":\"https:\/\/3di.ee\/tuletoole\/#\/schema\/logo\/image\/\",\"url\":\"https:\/\/3di.ee\/tuletoole\/wp-content\/uploads\/2021\/08\/3DI_Primary_Light-Background.png\",\"contentUrl\":\"https:\/\/3di.ee\/tuletoole\/wp-content\/uploads\/2021\/08\/3DI_Primary_Light-Background.png\",\"width\":2500,\"height\":914,\"caption\":\"3Di\"},\"image\":{\"@id\":\"https:\/\/3di.ee\/tuletoole\/#\/schema\/logo\/image\/\"},\"sameAs\":[\"https:\/\/www.facebook.com\/3Dinformation\",\"https:\/\/www.instagram.com\/3dinformation\/\",\"https:\/\/www.linkedin.com\/company\/3dinformation\/\",\"https:\/\/www.youtube.com\/channel\/UCgU3GQvIUYgb_U0bIhL0bsQ\"]}]}<\/script>\n<!-- \/ Yoast SEO plugin. -->","yoast_head_json":{"title":"Joonestaja\/tehnik - 3Di","robots":{"index":"index","follow":"follow","max-snippet":"max-snippet:-1","max-image-preview":"max-image-preview:large","max-video-preview":"max-video-preview:-1"},"canonical":"https:\/\/3di.ee\/tuletoole\/joonestaja-tehnik\/","og_locale":"et_EE","og_type":"article","og_title":"Joonestaja\/tehnik - 3Di","og_description":"T\u00f6\u00f6 kirjeldus Joonestaja\/tehniku \u00fclesandeks on 2D jooniste ja plaanide koostamine. Igap\u00e4evased t\u00f6\u00f6\u00fclesanded h\u00f5lmavad m\u00f5\u00f5distamisandmete t\u00f6\u00f6tlemist vajalikule kujule ning dokumentide ja jooniste koostamist. Ootused kandidaadile Programmide k\u00e4sitlus: AutoCAD , ZWCAD, Civil 3D Eelnev t\u00f6\u00f6kogemus joonestajana\/tehnikuna T\u00e4psus, korrektsus ning kokkulepetest kinni pidamine Eesti keele oskus suhtlustasemel Meeskonnat\u00f6\u00f6 valmidus Ettev\u00f5te pakub Head, tulemustest s\u00f5ltuvat t\u00f6\u00f6tasu Koost\u00f6\u00f6d v\u00f5imalusi Eesti [&hellip;]","og_url":"https:\/\/3di.ee\/tuletoole\/joonestaja-tehnik\/","og_site_name":"3Di","article_publisher":"https:\/\/www.facebook.com\/3Dinformation","article_modified_time":"2024-07-04T12:36:52+00:00","twitter_card":"summary_large_image","twitter_misc":{"Est. reading time":"2 minutit"},"schema":{"@context":"https:\/\/schema.org","@graph":[{"@type":"WebPage","@id":"https:\/\/3di.ee\/tuletoole\/joonestaja-tehnik\/","url":"https:\/\/3di.ee\/tuletoole\/joonestaja-tehnik\/","name":"Joonestaja\/tehnik - 3Di","isPartOf":{"@id":"https:\/\/3di.ee\/tuletoole\/#website"},"datePublished":"2024-06-07T09:16:20+00:00","dateModified":"2024-07-04T12:36:52+00:00","breadcrumb":{"@id":"https:\/\/3di.ee\/tuletoole\/joonestaja-tehnik\/#breadcrumb"},"inLanguage":"et","potentialAction":[{"@type":"ReadAction","target":["https:\/\/3di.ee\/tuletoole\/joonestaja-tehnik\/"]}]},{"@type":"BreadcrumbList","@id":"https:\/\/3di.ee\/tuletoole\/joonestaja-tehnik\/#breadcrumb","itemListElement":[{"@type":"ListItem","position":1,"name":"Home","item":"https:\/\/3di.ee\/tuletoole\/"},{"@type":"ListItem","position":2,"name":"Joonestaja\/tehnik"}]},{"@type":"WebSite","@id":"https:\/\/3di.ee\/tuletoole\/#website","url":"https:\/\/3di.ee\/tuletoole\/","name":"3Di","description":"Tule T\u00f6\u00f6le!","publisher":{"@id":"https:\/\/3di.ee\/tuletoole\/#organization"},"potentialAction":[{"@type":"SearchAction","target":{"@type":"EntryPoint","urlTemplate":"https:\/\/3di.ee\/tuletoole\/?s={search_term_string}"},"query-input":"required name=search_term_string"}],"inLanguage":"et"},{"@type":"Organization","@id":"https:\/\/3di.ee\/tuletoole\/#organization","name":"3Di","url":"https:\/\/3di.ee\/tuletoole\/","logo":{"@type":"ImageObject","inLanguage":"et","@id":"https:\/\/3di.ee\/tuletoole\/#\/schema\/logo\/image\/","url":"https:\/\/3di.ee\/tuletoole\/wp-content\/uploads\/2021\/08\/3DI_Primary_Light-Background.png","contentUrl":"https:\/\/3di.ee\/tuletoole\/wp-content\/uploads\/2021\/08\/3DI_Primary_Light-Background.png","width":2500,"height":914,"caption":"3Di"},"image":{"@id":"https:\/\/3di.ee\/tuletoole\/#\/schema\/logo\/image\/"},"sameAs":["https:\/\/www.facebook.com\/3Dinformation","https:\/\/www.instagram.com\/3dinformation\/","https:\/\/www.linkedin.com\/company\/3dinformation\/","https:\/\/www.youtube.com\/channel\/UCgU3GQvIUYgb_U0bIhL0bsQ"]}]}},"_links":{"self":[{"href":"https:\/\/3di.ee\/tuletoole\/wp-json\/wp\/v2\/pages\/118","targetHints":{"allow":["GET"]}}],"collection":[{"href":"https:\/\/3di.ee\/tuletoole\/wp-json\/wp\/v2\/pages"}],"about":[{"href":"https:\/\/3di.ee\/tuletoole\/wp-json\/wp\/v2\/types\/page"}],"author":[{"embeddable":true,"href":"https:\/\/3di.ee\/tuletoole\/wp-json\/wp\/v2\/users\/3"}],"replies":[{"embeddable":true,"href":"https:\/\/3di.ee\/tuletoole\/wp-json\/wp\/v2\/comments?post=118"}],"version-history":[{"count":9,"href":"https:\/\/3di.ee\/tuletoole\/wp-json\/wp\/v2\/pages\/118\/revisions"}],"predecessor-version":[{"id":157,"href":"https:\/\/3di.ee\/tuletoole\/wp-json\/wp\/v2\/pages\/118\/revisions\/157"}],"wp:attachment":[{"href":"https:\/\/3di.ee\/tuletoole\/wp-json\/wp\/v2\/media?parent=118"}],"curies":[{"name":"wp","href":"https:\/\/api.w.org\/{rel}","templated":true}]}}